{"id":40,"date":"2025-04-11T11:30:03","date_gmt":"2025-04-11T11:30:03","guid":{"rendered":"https:\/\/www.pozarzadowy.szczecin.pl\/?page_id=40"},"modified":"2026-02-13T11:37:26","modified_gmt":"2026-02-13T11:37:26","slug":"https-pozarzadowy-szczecin-pl-wykaz-opp-1-5","status":"publish","type":"page","link":"https:\/\/www.pozarzadowy.szczecin.pl\/?page_id=40","title":{"rendered":"Wykaz OPP 1.5%"},"content":{"rendered":"\n<p class=\"has-text-align-center\"><strong>Sprawd\u017a, kt\u00f3re szczeci\u0144skie organizacje pozarz\u0105dowe s\u0105 uprawnione do otrzymania od Ciebie 1.5% Twojego podatku za rok 2025. <\/strong><br><strong>Wybierz organizacj\u0119 i wesprzyj j\u0105 lokalnie.<br><br>W zeznaniu podatkowym za rok 2025 wpisz numer KRS wybranej przez siebie organizacji, z\u0142\u00f3\u017c PIT i gotowe! Mo\u017cesz to zrobi\u0107 za po\u015brednictwem bezp\u0142atnej aplikacji dost\u0119pnej <\/strong><a href=\"https:\/\/www.pitax.pl\/rozlicz\/urzad-miasta-szczecin\/\" target=\"_blank\" rel=\"noreferrer noopener\"><strong>TUTAJ<\/strong><\/a><strong>.<\/strong><\/p>\n\n\n\n<p class=\"has-text-align-center has-small-font-size\">Wykaz organizacji pozarz\u0105dowych z terenu Szczecin, uprawnionych wg <a href=\"https:\/\/niw.gov.pl\/opp\/wykaz-opp\/\">wykazu Narodowego Instytutu Wolno\u015bci <\/a>&#8211; do otrzymania 1,5% podatku dochodowego od os\u00f3b fizycznych znajduje si\u0119 w <a href=\"https:\/\/www.pozarzadowy.szczecin.pl\/wp-content\/uploads\/2026\/02\/dodatek-gazeta-2026.pdf\" data-type=\"link\" data-id=\"https:\/\/www.pozarzadowy.szczecin.pl\/wp-content\/uploads\/2026\/02\/dodatek-gazeta-2026.pdf\">TUTAJ <\/a><br>lub w tabeli poni\u017cej (stan na 13.02.2026 zaktualizowany przez NIW 10.02.2026).<\/p>\n\n\n\n<p><\/p>\n\n\n\n<p><\/p>\n\n\n\n<figure class=\"wp-block-table is-style-stripes has-normal-font-size\"><table><thead><tr><th>Lp.<\/th><th>KRS<\/th><th>Nazwa organizacji<\/th><\/tr><\/thead><tbody><tr><td>1<\/td><td>0000277292<\/td><td>&#8222;BA\u0141TYCKIE CENTRUM BRATNIEJ POMOCY&#8221;<\/td><\/tr><tr><td>2<\/td><td>0000403043<\/td><td>&#8222;BEZPIECZNE WAKACJE&#8221;<\/td><\/tr><tr><td>3<\/td><td>0000423461<\/td><td>&#8222;FUNDACJA MI\u0118DZY WIERSZAMI&#8221;<\/td><\/tr><tr><td>4<\/td><td>0000370165<\/td><td>&#8222;FUNDACJA PROMOCJA ZDROWIA&#8221;<\/td><\/tr><tr><td>5<\/td><td>0000565912<\/td><td>&#8222;INTERNATIONAL POLICE ASSOCIATION&#8221; (MI\u0118DZYNARODOWE STOWARZYSZENIE POLICJI) &#8211; SEKCJA POLSKA ZACHODNIOPOMORSKA GRUPA WOJEW\u00d3DZKA IPA<\/td><\/tr><tr><td>6<\/td><td>0000815606<\/td><td>&#8222;ISKIERKA&#8221;<\/td><\/tr><tr><td>7<\/td><td>0000377928<\/td><td>&#8222;KAMIENICA 1 &#8211; FUNDACJA NA RZECZ ROZWOJU SZTUKI I PROMOCJI ZDROWIA&#8221;<\/td><\/tr><tr><td>8<\/td><td>0000771263<\/td><td>&#8222;PROMYK NADZIEI&#8221; FUNDACJA NA RZECZ DZIECI Z CHOROBAMI NOWOTWOROWYMI<\/td><\/tr><tr><td>9<\/td><td>0000846902<\/td><td>&#8222;STOWARZYSZENIE BRACTWO MUNDUROWE RP&#8221;<\/td><\/tr><tr><td>10<\/td><td>0000234941<\/td><td>&#8222;SZCZECI\u0143SKA SZKO\u0141A POD \u017bAGLAMI&#8221;<\/td><\/tr><tr><td>11<\/td><td>0000654621<\/td><td>AKCJA SERDUCHO<\/td><\/tr><tr><td>12<\/td><td>0000965266<\/td><td>ANIO\u0141Y POMOCY<\/td><\/tr><tr><td>13<\/td><td>0000608434<\/td><td>BANK \u017bYWNO\u015aCI SZCZECIN IMIENIA JACKA KURONIA<\/td><\/tr><tr><td>14<\/td><td>0000331642<\/td><td>CENTRUM ROZWOJU SPO\u0141ECZNO-GOSPODARCZEGO PRZEDSI\u0118BIORSTWO SPO\u0141ECZNE SP\u00d3\u0141KA Z OGRANICZON\u0104 ODPOWIEDZIALNO\u015aCI\u0104<\/td><\/tr><tr><td>15<\/td><td>0000278582<\/td><td>CHOR\u0104GIEW ZACHODNIOPOMORSKA ZWI\u0104ZKU HARCERSTWA POLSKIEGO<\/td><\/tr><tr><td>16<\/td><td>0000445858<\/td><td>CHRZE\u015aCIJA\u0143SKA S\u0141U\u017bBA CHARYTATYWNA ODDZIA\u0141 ZACHODNIOPOMORSKI<\/td><\/tr><tr><td>17<\/td><td>0000206697<\/td><td>FUNDACJA &#8222;AKADEMIA EDUKACYJNA&#8221;<\/td><\/tr><tr><td>18<\/td><td>0000823850<\/td><td>FUNDACJA &#8222;ANIELSKIE SERCE&#8221;<\/td><\/tr><tr><td>19<\/td><td>0000464110<\/td><td>FUNDACJA &#8222;JEGO&#8221;<\/td><\/tr><tr><td>20<\/td><td>0000288756<\/td><td>FUNDACJA &#8222;MAM DOM&#8221;<\/td><\/tr><tr><td>21<\/td><td>0000224584<\/td><td>FUNDACJA &#8222;SAMARYTANIN&#8221;<\/td><\/tr><tr><td>22<\/td><td>0000281775<\/td><td>FUNDACJA &#8222;SZCZECI\u0143SKA&#8221;<\/td><\/tr><tr><td>23<\/td><td>0000248804<\/td><td>FUNDACJA &#8222;VERITAS&#8221;<\/td><\/tr><tr><td>24<\/td><td>0000261181<\/td><td>FUNDACJA &#8222;WYCHOWANIE BEZ PORA\u017bEK&#8221;<\/td><\/tr><tr><td>25<\/td><td>0000414735<\/td><td>FUNDACJA ANIO\u0141Y SPORTU<\/td><\/tr><tr><td>26<\/td><td>0000209818<\/td><td>FUNDACJA DOM HOSPICYJNY &#8211; HOSPICJUM \u015aW. JANA EWANGELISTY W SZCZECINIE<\/td><\/tr><tr><td>27<\/td><td>0000417076<\/td><td>FUNDACJA DONUM VITAE<\/td><\/tr><tr><td>28<\/td><td>0000399978<\/td><td>FUNDACJA EDUKACJI RODZINNEJ<\/td><\/tr><tr><td>29<\/td><td>253907<\/td><td>FUNDACJA IM. BOLES\u0141AWA CHROBREGO<\/td><\/tr><tr><td>30<\/td><td>0000707010<\/td><td>FUNDACJA LIFE SURFERS<\/td><\/tr><tr><td>31<\/td><td>0000439763<\/td><td>FUNDACJA LITERATURY IMIENIA HENRYKA BEREZY<\/td><\/tr><tr><td>32<\/td><td>0000536693<\/td><td>FUNDACJA LUDZKIE SPRAWY<\/td><\/tr><tr><td>33<\/td><td>0000407055<\/td><td>FUNDACJA NA RZECZ OS\u00d3B Z AUTYZMEM IMIENIA LILIANNY G\u0104SECKIEJ<\/td><\/tr><tr><td>34<\/td><td>0001019954<\/td><td>FUNDACJA NA RZECZ POLSKIEJ M\u0141ODZIE\u017bY IM. THOMASA EDISONA<\/td><\/tr><tr><td>35<\/td><td>0000454422<\/td><td>FUNDACJA NA RZECZ PROMOCJI SPORTU OS\u00d3B NIEPE\u0141NOSPRAWNYCH MARZENIE<\/td><\/tr><tr><td>36<\/td><td>0000421938<\/td><td>FUNDACJA NA RZECZ ROZWOJU MEDYCYNY W DZIEDZINIE ENDOKRYNOLOGII I CHOR\u00d3B METABOLICZNYCH<\/td><\/tr><tr><td>37<\/td><td>0000903558<\/td><td>FUNDACJA NA RZECZ ROZWOJU ZACHODNIOPOMORSKIEGO UNIWERSYTETU TECHNOLOGICZNEGO W SZCZECINIE<\/td><\/tr><tr><td>38<\/td><td>0000100777<\/td><td>FUNDACJA NA RZECZ WSPIERANIA SZK\u00d3\u0141 I PRZEDSZKOLI INTEGRACYJNYCH<\/td><\/tr><tr><td>39<\/td><td>0000314744<\/td><td>FUNDACJA NIEZALE\u017bNEGO \u017bYCIA OS\u00d3B NIEPE\u0141NOSPRAWNYCH &#8222;HUSSAR&#8221;<\/td><\/tr><tr><td>40<\/td><td>0000360447<\/td><td>FUNDACJA OLIWIA<\/td><\/tr><tr><td>41<\/td><td>0000432582<\/td><td>FUNDACJA OPIEKI &#8222;PRO-TUTELA&#8221;<\/td><\/tr><tr><td>42<\/td><td>0000020975<\/td><td>FUNDACJA POMOCY CHORYM NA ZANIK MI\u0118\u015aNI IM. PIOTRA KARLI\u0143SKIEGO<\/td><\/tr><tr><td>43<\/td><td>0000227907<\/td><td>FUNDACJA POMOCY LE\u015aNIKOM I ICH RODZINOM IMIENIA HUBERTA JURCZYSZYNA<\/td><\/tr><tr><td>44<\/td><td>0000293929<\/td><td>FUNDACJA POROZUMIENIA SPO\u0141ECZNEGO I INTEGRACJI &#8222;IMPULS&#8221;<\/td><\/tr><tr><td>45<\/td><td>0000059806<\/td><td>FUNDACJA RATUJMY PTAKI<\/td><\/tr><tr><td>46<\/td><td>0000020944<\/td><td>FUNDACJA RZEMIOS\u0141A SZCZECI\u0143SKIEGO NA RZECZ UCZNI\u00d3W RZEMIOS\u0141A IM. EDWARDA W\u00d3DKIEWICZA PRZEWODNICZ\u0104CEGO RADY IZBY RZEMIE\u015aLNICZEJ W SZCZECINIE<\/td><\/tr><tr><td>47<\/td><td>0000480577<\/td><td>FUNDACJA WSPIERANIA INICJATYWY &#8222;AD MELIUS&#8221;<\/td><\/tr><tr><td>48<\/td><td>0000234513<\/td><td>FUNDACJA ZACHODNIOPOMORSKIE HOSPICJUM DLA DZIECI I DOROS\u0141YCH<\/td><\/tr><tr><td>49<\/td><td>0000290155<\/td><td>FUNDACJA ZDROWE SPO\u0141ECZE\u0143STWO<\/td><\/tr><tr><td>50<\/td><td>0000278676<\/td><td>FUNDACJA Z-N-S<\/td><\/tr><tr><td>51<\/td><td>0000244791<\/td><td>IDEE PRZEZ MIASTO<\/td><\/tr><tr><td>52<\/td><td>0000339377<\/td><td>KLUB KOSZYK\u00d3WKI &#8222;WILKI MORSKIE&#8221;<\/td><\/tr><tr><td>53<\/td><td>0000010009<\/td><td>KLUB SPORTOWY INWALID\u00d3W START SZCZECIN<\/td><\/tr><tr><td>54<\/td><td>0000105083<\/td><td>KLUB SPORTOWY IRONMAN SZCZECIN<\/td><\/tr><tr><td>55<\/td><td>0000703771<\/td><td>KLUB STRZELECKO-KOLEKCJONERSKI M16<\/td><\/tr><tr><td>56<\/td><td>0000911208<\/td><td>KOGUTORIUM<\/td><\/tr><tr><td>57<\/td><td>0000059215<\/td><td>KRAJOWE TOWARZYSTWO AUTYZMU ODDZIA\u0141 W SZCZECINIE<\/td><\/tr><tr><td>58<\/td><td>0000606911<\/td><td>LIGA SUPERBOHATER\u00d3W<\/td><\/tr><tr><td>59<\/td><td>0000225411<\/td><td>LIONS CLUB MAGNOLIA<\/td><\/tr><tr><td>60<\/td><td>0000144719<\/td><td>LIONS CLUB SZCZECIN JANTAR<\/td><\/tr><tr><td>61<\/td><td>0000116301<\/td><td>MIEJSKI KLUB P\u0141YWACKI W SZCZECINIE<\/td><\/tr><tr><td>62<\/td><td>0000184783<\/td><td>ODDZIA\u0141 WOJSKOWY PTTK IM. PPOR. RYSZARDA KULESZY<\/td><\/tr><tr><td>63<\/td><td>000023398<\/td><td>OG\u00d3LNOPOLSKIE STOWARZYSZENIE WSPIERANIA RODZIN Z PREDYSPOZYCJAMI DO NOWOTWOR\u00d3W DZIEDZICZNYCH<\/td><\/tr><tr><td>64<\/td><td>0000225221<\/td><td>OSIEDLE NAD STRUMYKIEM II<\/td><\/tr><tr><td>65<\/td><td>0000497254<\/td><td>POLSKA FUNDACJA PRZECIWDZIA\u0141ANIA UZALE\u017bNIENIOM<\/td><\/tr><tr><td>66<\/td><td>0000043245<\/td><td>POLSKI ZWI\u0104ZEK G\u0141UCHYCH ODDZIA\u0141 ZACHODNIOPOMORSKI<\/td><\/tr><tr><td>67<\/td><td>0000029381<\/td><td>POLSKI ZWI\u0104ZEK NIEWIDOMYCH OKR\u0118G ZACHODNIOPOMORSKI<\/td><\/tr><tr><td>68<\/td><td>0000028314<\/td><td>POLSKIE STOWARZYSZENIE NA RZECZ OS\u00d3B Z NIEPE\u0141NOSPRAWNO\u015aCI\u0104 INTELEKTUALN\u0104 KO\u0141O W SZCZECINIE<\/td><\/tr><tr><td>69<\/td><td>0000131441<\/td><td>POLSKIE TOWARZYSTWO STWARDNIENIA ROZSIANEGO ODDZIA\u0141 WOJEW\u00d3DZKI W SZCZECINIE<\/td><\/tr><tr><td>70<\/td><td>0000120774<\/td><td>POLSKIE TOWARZYSTWO WALKI Z KALECTWEM ODDZIA\u0141 WOJEW\u00d3DZKI W SZCZECINIE<\/td><\/tr><tr><td>71<\/td><td>0000176175<\/td><td>POMORSKIE STOWARZYSZENIE INSTRUMENTALIST\u00d3W &#8222;ACADEMIA&#8221;<\/td><\/tr><tr><td>72<\/td><td>0000104625<\/td><td>POMORSKIE STOWARZYSZENIE PROMOCJI NAUKI<\/td><\/tr><tr><td>73<\/td><td>0000116165<\/td><td>REGIONALNA FUNDACJA WALKI Z RAKIEM<\/td><\/tr><tr><td>74<\/td><td>0000163731<\/td><td>ROTARY SZCZECIN CENTER<\/td><\/tr><tr><td>75<\/td><td>0000232379<\/td><td>SPO\u0141ECZNE TOWARZYSTWO O\u015aWIATOWE SAMODZIELNE KO\u0141O TERENOWE NUMER 7 W SZCZECINIE<\/td><\/tr><tr><td>76<\/td><td>0000752790<\/td><td>STOWARZYSZENIE &#8222;AKADEMIA POGO\u0143 SZCZECIN&#8221;<\/td><\/tr><tr><td>77<\/td><td>0000563071<\/td><td>STOWARZYSZENIE &#8222;MOTOCYKLI\u015aCI DLA DZIECI&#8221;<\/td><\/tr><tr><td>78<\/td><td>0000173104<\/td><td>STOWARZYSZENIE &#8222;NASZE WARSZEWO&#8221;<\/td><\/tr><tr><td>79<\/td><td>0000244784<\/td><td>STOWARZYSZENIE &#8222;NASZE WYCIECZKI&#8221;<\/td><\/tr><tr><td>80<\/td><td>0000134083<\/td><td>STOWARZYSZENIE &#8222;POLITES&#8221;<\/td><\/tr><tr><td>81<\/td><td>0000506327<\/td><td>STOWARZYSZENIE &#8222;PRZYSTANEK NIEBO&#8221;<\/td><\/tr><tr><td>82<\/td><td>0000238796<\/td><td>STOWARZYSZENIE &#8222;RAZEM \u0141ATWIEJ&#8221;<\/td><\/tr><tr><td>83<\/td><td>0000035185<\/td><td>STOWARZYSZENIE &#8222;SOS DLA RODZINY&#8221;<\/td><\/tr><tr><td>84<\/td><td>0000285810<\/td><td>STOWARZYSZENIE &#8222;ZROZUMIE\u0106&#8221;<\/td><\/tr><tr><td>85<\/td><td>0000009505<\/td><td>STOWARZYSZENIE &#8222;\u017bYCIE PO PRZESZCZEPIE&#8221;<\/td><\/tr><tr><td>86<\/td><td>0000334422<\/td><td>STOWARZYSZENIE \u201eOSWAJANIE MIASTA\u201d<\/td><\/tr><tr><td>87<\/td><td>0000006292<\/td><td>STOWARZYSZENIE AMAZONEK &#8222;AGATA&#8221;<\/td><\/tr><tr><td>88<\/td><td>0000131609<\/td><td>STOWARZYSZENIE ARTYSTYCZNE INTEGRACJI EUROPEJSKIEJ<\/td><\/tr><tr><td>89<\/td><td>0000136419<\/td><td>STOWARZYSZENIE FENIKS<\/td><\/tr><tr><td>90<\/td><td>0000526839<\/td><td>STOWARZYSZENIE KRESY WSCHODNIE &#8211; DZIEDZICTWO I PAMI\u0118\u0106<\/td><\/tr><tr><td>91<\/td><td>0000811657<\/td><td>STOWARZYSZENIE MI &#8211; GRACJA<\/td><\/tr><tr><td>92<\/td><td>0000122811<\/td><td>STOWARZYSZENIE NA RZECZ OCHRONY DZIEDZICTWA &#8222;M\u0141YN-PAPIERNIA&#8221;<\/td><\/tr><tr><td>93<\/td><td>0000256083<\/td><td>STOWARZYSZENIE NA RZECZ OS\u00d3B NIEPE\u0141NOSPRAWNYCH INTELEKTUALNIE &#8222;PRAWOBRZE\u017bE-SZCZECIN&#8221;<\/td><\/tr><tr><td>94<\/td><td>0000471547<\/td><td>STOWARZYSZENIE NA RZECZ WSPARCIA OS\u00d3B Z AUTYZMEM I POKREWNYMI ZABURZENIAMI PSYCHICZNYMI &#8222;A TO MY&#8221;<\/td><\/tr><tr><td>95<\/td><td>0000132596<\/td><td>STOWARZYSZENIE OFFICYNA<\/td><\/tr><tr><td>96<\/td><td>0000098680<\/td><td>STOWARZYSZENIE POMOCY DZIECIOM I M\u0141ODZIE\u017bY NIEPE\u0141NOSPRAWNEJ RUCHOWO &#8222;T\u0118CZA&#8221; W SZCZECINIE<\/td><\/tr><tr><td>97<\/td><td>0000702076<\/td><td>STOWARZYSZENIE POMOCY DZIECIOM Z AUTYZMEM &#8222;SENSE&#8221;<\/td><\/tr><tr><td>98<\/td><td>0000103625<\/td><td>STOWARZYSZENIE POMOCY W ROZWOJU SPO\u0141ECZNYM I ZAWODOWYM OS\u00d3B NIEPE\u0141NOSPRAWNYCH<\/td><\/tr><tr><td>99<\/td><td>0000078997<\/td><td>STOWARZYSZENIE PRZYJACI\u00d3\u0141 CH\u00d3RU DZIECI\u0118CEGO ZACHODNIOPOMORSKIEGO UNIWERSYTETU TECHNOLOGICZNEGO &#8222;DON DIRI DON&#8221;<\/td><\/tr><tr><td>100<\/td><td>0000061469<\/td><td>STOWARZYSZENIE PRZYJACI\u00d3\u0141 DUSZPASTERSTWA AKADEMICKIEGO &#8222;RAZEM&#8221;<\/td><\/tr><tr><td>101<\/td><td>0000385903<\/td><td>STOWARZYSZENIE PRZYJACI\u00d3\u0141 XIII LICEUM OG\u00d3LNOKSZTA\u0141C\u0104CEGO W SZCZECINIE<\/td><\/tr><tr><td>102<\/td><td>0000303140<\/td><td>STOWARZYSZENIE PUBLICZNA SZKO\u0141A PODSTAWOWA NA G\u0141\u0118BOKIEM<\/td><\/tr><tr><td>103<\/td><td>0000304771<\/td><td>STOWARZYSZENIE RANNYCH I POSZKODOWANYCH W MISJACH POZA GRANICAMI KRAJU<\/td><\/tr><tr><td>104<\/td><td>0000239323<\/td><td>STOWARZYSZENIE REWALORYZACJI ZABYTK\u00d3W SAKRALNYCH I OCHRONY DZIEDZICTWA KULTUROWEGO W SZCZECINIE &#8222;KATEDRA&#8221;<\/td><\/tr><tr><td>105<\/td><td>0000120305<\/td><td>STOWARZYSZENIE RODZIC\u00d3W DZIECI CHORYCH NA BIA\u0141ACZK\u0118 I INNE CHOROBY NOWOTWOROWE<\/td><\/tr><tr><td>106<\/td><td>0000353582<\/td><td>STOWARZYSZENIE RODZIN I PRZYJACI\u00d3\u0141 DZIECI Z ZESPO\u0141EM DOWNA &#8222;ISKIERKA&#8221;<\/td><\/tr><tr><td>107<\/td><td>0000185565<\/td><td>STOWARZYSZENIE RODZIN I PRZYJACI\u00d3\u0141 OS\u00d3B MNIEJSZYCH SZANS &#8222;WI\u0118\u0179&#8221; W SZCZECINIE<\/td><\/tr><tr><td>108<\/td><td>0000048068<\/td><td>STOWARZYSZENIE RODZIN KATOLICKICH ARCHIDIECEZJI SZCZECI\u0143SKO-KAMIE\u0143SKIEJ<\/td><\/tr><tr><td>109<\/td><td>0000054167<\/td><td>STOWARZYSZENIE SPO\u0141ECZNO-EKOLOGICZNE &#8222;ZWIERZ\u0118CY TELEFON ZAUFANIA&#8221;<\/td><\/tr><tr><td>110<\/td><td>0000062869<\/td><td>STOWARZYSZENIE TEATR KANA<\/td><\/tr><tr><td>111<\/td><td>0000042215<\/td><td>STOWARZYSZENIE UNIWERSYTET TRZECIEGO WIEKU<\/td><\/tr><tr><td>112<\/td><td>0000663608<\/td><td>STOWARZYSZENIE WALKI Z RAKIEM P\u0141UCA ODDZIA\u0141 SZCZECIN<\/td><\/tr><tr><td>113<\/td><td>0000968657<\/td><td>STOWARZYSZENIE WETERAN\u00d3W MISJI POKOJOWYCH I STABILIZACYJNYCH ZIEMI ZACHODNIOPOMORSKIEJ<\/td><\/tr><tr><td>114<\/td><td>0000096997<\/td><td>STOWARZYSZENIE WOLONTARIUSZY &#8222;DA DU&#8221;<\/td><\/tr><tr><td>115<\/td><td>0000191282<\/td><td>STOWARZYSZENIE WSPIERAJ\u0104CE ROZW\u00d3J I REHABILITACJ\u0118 OS\u00d3B NIEPE\u0141NOSPRAWNYCH<\/td><\/tr><tr><td>116<\/td><td>0000443963<\/td><td>SYMFONIA M\u0141ODO\u015aCI FUNDACJA IMIENIA KSI\u0118DZA LUCJANA GIEROSA SDB<\/td><\/tr><tr><td>117<\/td><td>0000150556<\/td><td>SZCZECI\u0143SKIE STOWARZYSZENIE &#8222;Z\u0141OTY WIEK&#8221;<\/td><\/tr><tr><td>118<\/td><td>0000099659<\/td><td>SZCZECI\u0143SKIE STOWARZYSZENIE POMOCY AUTYSTOM<\/td><\/tr><tr><td>119<\/td><td>0000234949<\/td><td>SZCZECI\u0143SKIE STOWARZYSZENIE POMOCY OSOBOM Z CHOROB\u0104 PARKINSONA<\/td><\/tr><tr><td>120<\/td><td>0000162542<\/td><td>SZCZECI\u0143SKIE STOWARZYSZENIE POSZUKIWAWCZE<\/td><\/tr><tr><td>121<\/td><td>0000166149<\/td><td>SZCZECI\u0143SKIE TOWARZYSTWO FOTOGRAFICZNE<\/td><\/tr><tr><td>122<\/td><td>0000168933<\/td><td>SZCZECI\u0143SKIE TOWARZYSTWO MI\u0141O\u015aNIK\u00d3W KOMUNIKACJI MIEJSKIEJ<\/td><\/tr><tr><td>123<\/td><td>0000221376<\/td><td>TOWARZYSTWO MI\u0141O\u015aNIK\u00d3W LWOWA I KRES\u00d3W PO\u0141UDNIOWO-WSCHODNICH &#8211; ODDZIA\u0141 W SZCZECINIE<\/td><\/tr><tr><td>124<\/td><td>0000133561<\/td><td>TOWARZYSTWO PRZYJACI\u00d3\u0141 DZIECI ZACHODNIOPOMORSKI ODDZIA\u0141 REGIONALNY W SZCZECINIE<\/td><\/tr><tr><td>125<\/td><td>0000285557<\/td><td>TOWARZYSTWO WSPIERANIA INICJATYW KULTURALNO-SPO\u0141ECZNYCH &#8222;TWIKS&#8221;<\/td><\/tr><tr><td>126<\/td><td>0000292803<\/td><td>UCZNIOWSKI KLUB SPORTOWY &#8222;ISKIERKA&#8221;<\/td><\/tr><tr><td>127<\/td><td>0000249598<\/td><td>ZACHODNIOPOMORSKA FUNDACJA NA RZECZ INTEGRACJI \u015aRODOWISKOWEJ<\/td><\/tr><tr><td>128<\/td><td>0000272024<\/td><td>ZACHODNIOPOMORSKA FUNDACJA POMOCY RODZINIE &#8222;T\u0118CZA SERC&#8221;<\/td><\/tr><tr><td>129<\/td><td>0000010273<\/td><td>ZACHODNIOPOMORSKA REGIONALNA ORGANIZACJA TURYSTYCZNA<\/td><\/tr><tr><td>130<\/td><td>0000115468<\/td><td>ZACHODNIOPOMORSKIE TOWARZYSTWO PRZYRODNICZE<\/td><\/tr><\/tbody><\/table><\/figure>\n","protected":false},"excerpt":{"rendered":"<p>Sprawd\u017a, kt\u00f3re szczeci\u0144skie organizacje pozarz\u0105dowe s\u0105 uprawnione do otrzymania od Ciebie 1.5% Twojego podatku za rok 2025. Wybierz organizacj\u0119 i wesprzyj j\u0105 lokalnie. W zeznaniu podatkowym za rok 2025 wpisz numer KRS wybranej przez siebie organizacji, z\u0142\u00f3\u017c PIT i gotowe! Mo\u017cesz to zrobi\u0107 za po\u015brednictwem bezp\u0142atnej aplikacji dost\u0119pnej TUTAJ. Wykaz organizacji pozarz\u0105dowych z terenu Szczecin, [&hellip;]<\/p>\n","protected":false},"author":1,"featured_media":0,"parent":0,"menu_order":0,"comment_status":"closed","ping_status":"closed","template":"","meta":{"footnotes":""},"class_list":["post-40","page","type-page","status-publish","hentry"],"_links":{"self":[{"href":"https:\/\/www.pozarzadowy.szczecin.pl\/index.php?rest_route=\/wp\/v2\/pages\/40","targetHints":{"allow":["GET"]}}],"collection":[{"href":"https:\/\/www.pozarzadowy.szczecin.pl\/index.php?rest_route=\/wp\/v2\/pages"}],"about":[{"href":"https:\/\/www.pozarzadowy.szczecin.pl\/index.php?rest_route=\/wp\/v2\/types\/page"}],"author":[{"embeddable":true,"href":"https:\/\/www.pozarzadowy.szczecin.pl\/index.php?rest_route=\/wp\/v2\/users\/1"}],"replies":[{"embeddable":true,"href":"https:\/\/www.pozarzadowy.szczecin.pl\/index.php?rest_route=%2Fwp%2Fv2%2Fcomments&post=40"}],"version-history":[{"count":11,"href":"https:\/\/www.pozarzadowy.szczecin.pl\/index.php?rest_route=\/wp\/v2\/pages\/40\/revisions"}],"predecessor-version":[{"id":65,"href":"https:\/\/www.pozarzadowy.szczecin.pl\/index.php?rest_route=\/wp\/v2\/pages\/40\/revisions\/65"}],"wp:attachment":[{"href":"https:\/\/www.pozarzadowy.szczecin.pl\/index.php?rest_route=%2Fwp%2Fv2%2Fmedia&parent=40"}],"curies":[{"name":"wp","href":"https:\/\/api.w.org\/{rel}","templated":true}]}}